{"id":102,"date":"2019-02-18T21:13:50","date_gmt":"2019-02-18T20:13:50","guid":{"rendered":"http:\/\/expertdata.be\/?page_id=102"},"modified":"2023-06-16T11:30:47","modified_gmt":"2023-06-16T09:30:47","slug":"services_fr","status":"publish","type":"page","link":"https:\/\/www.expertdata.be\/index.php\/services_fr\/","title":{"rendered":"Services"},"content":{"rendered":"\n<h1 class=\"wp-block-heading\">Nos Services<\/h1>\n\n\n\n<h1 class=\"wp-block-heading\">Business Intelligence<\/h1>\n\n\n\n<p>Nous aidons les entreprises \u00e0 mettre en \u0153uvre des applications d&#8217;intelligence d&#8217;affaires qui concentrent les bons outils sur les bons utilisateurs.<\/p>\n\n\n\n<h1 class=\"wp-block-heading\">Enterprise Data Management<\/h1>\n\n\n\n<p>Nous offrons une assistance dans les domaines suivants :<\/p>\n\n\n\n<p>Data Architecture<\/p>\n\n\n\n<p>Data Integration<\/p>\n\n\n\n<p>Data Modeling<\/p>\n\n\n\n<p>Data Quality<\/p>\n\n\n\n<p>Master Data Management<\/p>\n\n\n\n<p>Data Governance<\/p>\n\n\n\n<h1 class=\"wp-block-heading\">Impl\u00e9mentation de logiciels<\/h1>\n\n\n\n<p>Expert Data travaille avec :<\/p>\n\n\n\n<p> Collibra <\/p>\n\n\n\n<p>Power BI<\/p>\n\n\n\n<p>Azure<\/p>\n\n\n\n<p>Cloudera<\/p>\n\n\n\n<p>Ensemble, nous offrons une plateforme adapt\u00e9e et id\u00e9ale pour les besoins de nos clients.<\/p>\n\n\n\n<p><\/p>\n\n\n\n<h1 class=\"wp-block-heading\">Strat\u00e9gie et conseils<\/h1>\n\n\n\n<p>Capitalisez sur vos informations gr\u00e2ce \u00e0 l&#8217;ex\u00e9cution de feuilles de route de donn\u00e9es et d&#8217;analyse. D\u00e9finissez votre strat\u00e9gie avec une compr\u00e9hension claire de votre \u00e9tat actuel.<\/p>\n\n\n\n<h1 class=\"wp-block-heading\">Nous pouvons vous aider.<\/h1>\n\n\n\n<h1 class=\"wp-block-heading\">Business Intelligence<\/h1>\n\n\n\n<p>Aujourd&#8217;hui, l&#8217;analyse commerciale, la virtualisation et la conformit\u00e9 en mati\u00e8re de gestion des risques sont trois priorit\u00e9s cl\u00e9s pour tout directeur informatique avis\u00e9, et cela n&#8217;est pas surprenant. Des \u00e9tudes montrent que les entreprises qui d\u00e9ploient ces comp\u00e9tences am\u00e9liorent consid\u00e9rablement leur chiffre d&#8217;affaires, leur retour sur investissement et leur potentiel de croissance.<\/p>\n\n\n\n<p>Nous aidons les entreprises \u00e0 mettre en \u0153uvre des applications d&#8217;intelligence d&#8217;affaires :<\/p>\n\n\n\n<ul>\n<li>Business intelligence<\/li>\n\n\n\n<li>Big Data<\/li>\n\n\n\n<li>Data warehouse<\/li>\n\n\n\n<li>Reporting<\/li>\n<\/ul>\n\n\n\n<h1 class=\"wp-block-heading\">Enterprise Data Management<\/h1>\n\n\n\n<h2 class=\"wp-block-heading\">Data Architecture<\/h2>\n\n\n\n<p>L&#8217;architecture des donn\u00e9es sert de fondation \u00e0 l&#8217;ensemble de votre programme d&#8217;intelligence d&#8217;affaires.<\/p>\n\n\n\n<p>Nous travaillons avec vous pour concevoir une architecture \u00e9volutive, flexible et maintenable.<\/p>\n\n\n\n<h2 class=\"wp-block-heading\">Data Integration<\/h2>\n\n\n\n<p>La m\u00e9thodologie d&#8217;int\u00e9gration des donn\u00e9es tire parti des technologies de pointe de l&#8217;entreprise pour combiner les donn\u00e9es en lots provenant de sources disparates en informations significatives \u00e0 consommer dans toute l&#8217;entreprise.<\/p>\n\n\n\n<p>Nous appliquons \u00e0 la fois les principes agiles et Lean pour garantir une approche normalis\u00e9e, reproductible et ax\u00e9e sur la valeur, avec une r\u00e9utilisation et une \u00e9volutivit\u00e9.<\/p>\n\n\n\n<h2 class=\"wp-block-heading\">Data Modeling<\/h2>\n\n\n\n<p>Nous avons de l&#8217;exp\u00e9rience dans une vari\u00e9t\u00e9 de techniques de mod\u00e9lisation, y compris la troisi\u00e8me forme normale, Data Vault et les sch\u00e9mas en \u00e9toile. Nous disposons \u00e9galement d&#8217;un r\u00e9f\u00e9rentiel de mod\u00e8les de donn\u00e9es de l&#8217;industrie et de normes de d\u00e9nomination.<\/p>\n\n\n\n<h2 class=\"wp-block-heading\">Data Quality<\/h2>\n\n\n\n<p>Une mauvaise qualit\u00e9 des donn\u00e9es co\u00fbte aux entreprises plus de 1 trillion de dollars par an. Notre processus de gestion de la qualit\u00e9 des donn\u00e9es permet non seulement d&#8217;identifier les anomalies des donn\u00e9es, mais \u00e9galement de mettre en place un cadre continu pour am\u00e9liorer la qualit\u00e9 de vos donn\u00e9es.<\/p>\n\n\n\n<h2 class=\"wp-block-heading\">Master Data Management<\/h2>\n\n\n\n<p>Une solution de gestion des donn\u00e9es de r\u00e9f\u00e9rence garantit que les donn\u00e9es de r\u00e9f\u00e9rence et les donn\u00e9es de base sont coh\u00e9rentes, pr\u00e9cises, int\u00e9gr\u00e9es et disponibles dans toute l&#8217;entreprise.<\/p>\n\n\n\n<p>La gestion des donn\u00e9es de r\u00e9f\u00e9rence capture les donn\u00e9es, la m\u00e9tadonn\u00e9e, l&#8217;architecture, les processus de gouvernance et l&#8217;optimisation des processus m\u00e9tier.<\/p>\n\n\n\n<h2 class=\"wp-block-heading\">Data Governance<\/h2>\n\n\n\n<p>Expert data utilise une approche \u00e9prouv\u00e9e pour aider les entreprises \u00e0 tirer parti de la valeur de leurs donn\u00e9es. Pour r\u00e9ussir, la gouvernance des donn\u00e9es doit \u00eatre adapt\u00e9e \u00e0 votre organisation, de sorte que l&#8217;approche d&#8217;Expert data se concentre sur la compr\u00e9hension de l&#8217;environnement et des perceptions des parties prenantes. <\/p>\n\n\n\n<h1 class=\"wp-block-heading\">Impl\u00e9mentation de logiciels<\/h1>\n\n\n\n<p>Nous aidons les entreprises \u00e0 mettre en \u0153uvre :<\/p>\n\n\n\n<ul>\n<li>Collibra <\/li>\n<\/ul>\n\n\n\n<p>Le Collibra Data Governance Center aide les utilisateurs \u00e0 trouver et comprendre les bonnes donn\u00e9es, et garantit leur qualit\u00e9 et leur accessibilit\u00e9.<\/p>\n\n\n\n<ul>\n<li>Power BI<\/li>\n<\/ul>\n\n\n\n<p>Power BI est un service d&#8217;analyse commerciale fourni par Microsoft. Il offre des visualisations interactives avec des capacit\u00e9s d&#8217;intelligence d&#8217;affaires en libre-service, o\u00f9 les utilisateurs finaux peuvent cr\u00e9er des rapports et des tableaux de bord par eux-m\u00eames, sans avoir besoin de d\u00e9pendre du personnel informatique ou d&#8217;un administrateur de base de donn\u00e9es.<\/p>\n\n\n\n<p><\/p>\n\n\n\n<h1 class=\"wp-block-heading\">Strat\u00e9gie et conseil<\/h1>\n\n\n\n<p>Capitalisez sur vos informations gr\u00e2ce \u00e0 l&#8217;ex\u00e9cution de feuilles de route de donn\u00e9es et d&#8217;analyse. D\u00e9finissez votre strat\u00e9gie avec une compr\u00e9hension claire de votre \u00e9tat actuel. Avec notre expertise en consultation, nous pouvons vous aider \u00e0 r\u00e9aliser vos objectifs commerciaux et \u00e0 r\u00e9aliser des innovations majeures en utilisant des solutions de donn\u00e9es et d&#8217;analyse. Nos consultants comprendront vos objectifs et vos moteurs commerciaux, utiliseront une approche ax\u00e9e sur les cas d&#8217;utilisation, \u00e9valueront la pr\u00e9paration informatique et commerciale, en plus de d\u00e9finir les mesures de r\u00e9ussite.<\/p>\n\n\n\n<p>Nos services de conseil visent \u00e0 accro\u00eetre l&#8217;adoption de l&#8217;analyse dans toute l&#8217;organisation en cr\u00e9ant des communaut\u00e9s, en \u00e9valuant l&#8217;ad\u00e9quation technologique des solutions de donn\u00e9es et d&#8217;analyse et en \u00e9tablissant des centres d&#8217;excellence pour une livraison optimale.<\/p>\n","protected":false},"excerpt":{"rendered":"<p>Nos Services Business Intelligence Nous aidons les entreprises \u00e0 mettre en \u0153uvre des applications d&#8217;intelligence d&#8217;affaires qui concentrent les bons outils sur les bons utilisateurs. Enterprise Data Management Nous offrons une assistance dans les domaines suivants : Data Architecture Data Integration Data Modeling Data Quality Master Data Management Data Governance Impl\u00e9mentation de logiciels Expert Data&hellip;<\/p>\n<p class=\"more-link\"><a href=\"https:\/\/www.expertdata.be\/index.php\/services_fr\/\" class=\"themebutton2\">Read More<\/a><\/p>\n","protected":false},"author":1,"featured_media":0,"parent":0,"menu_order":0,"comment_status":"closed","ping_status":"closed","template":"","meta":[],"_links":{"self":[{"href":"https:\/\/www.expertdata.be\/index.php\/wp-json\/wp\/v2\/pages\/102"}],"collection":[{"href":"https:\/\/www.expertdata.be\/index.php\/wp-json\/wp\/v2\/pages"}],"about":[{"href":"https:\/\/www.expertdata.be\/index.php\/wp-json\/wp\/v2\/types\/page"}],"author":[{"embeddable":true,"href":"https:\/\/www.expertdata.be\/index.php\/wp-json\/wp\/v2\/users\/1"}],"replies":[{"embeddable":true,"href":"https:\/\/www.expertdata.be\/index.php\/wp-json\/wp\/v2\/comments?post=102"}],"version-history":[{"count":6,"href":"https:\/\/www.expertdata.be\/index.php\/wp-json\/wp\/v2\/pages\/102\/revisions"}],"predecessor-version":[{"id":227,"href":"https:\/\/www.expertdata.be\/index.php\/wp-json\/wp\/v2\/pages\/102\/revisions\/227"}],"wp:attachment":[{"href":"https:\/\/www.expertdata.be\/index.php\/wp-json\/wp\/v2\/media?parent=102"}],"curies":[{"name":"wp","href":"https:\/\/api.w.org\/{rel}","templated":true}]}}